{"id":1250,"date":"2021-05-01T09:30:04","date_gmt":"2021-05-01T07:30:04","guid":{"rendered":"https:\/\/grandvisions.de\/?page_id=1250"},"modified":"2025-10-24T14:11:04","modified_gmt":"2025-10-24T12:11:04","slug":"impressum","status":"publish","type":"page","link":"https:\/\/grandvisions.de\/en\/impressum\/","title":{"rendered":"Imprint"},"content":{"rendered":"<div data-elementor-type=\"wp-page\" data-elementor-id=\"1250\" class=\"elementor elementor-1250\" data-elementor-post-type=\"page\">\n\t\t\t\t<div class=\"elementor-element elementor-element-e189053 e-con-full e-flex e-con e-parent\" data-id=\"e189053\" data-element_type=\"container\" data-e-type=\"container\" id=\"leistungen\">\n\t\t<div class=\"elementor-element elementor-element-e6a00cf e-con-full e-flex e-con e-child\" data-id=\"e6a00cf\" data-element_type=\"container\" data-e-type=\"container\">\n\t\t\t\t<div class=\"elementor-element elementor-element-b4f6dac elementor-widget elementor-widget-heading\" data-id=\"b4f6dac\" data-element_type=\"widget\" data-e-type=\"widget\" data-widget_type=\"heading.default\">\n\t\t\t\t<div class=\"elementor-widget-container\">\n\t\t\t\t\t<h1 class=\"elementor-heading-title elementor-size-default\">IMPRINT<\/h1>\t\t\t\t<\/div>\n\t\t\t\t<\/div>\n\t\t\t\t<\/div>\n\t\t\t\t<\/div>\n\t\t\t\t<section class=\"elementor-section elementor-top-section elementor-element elementor-element-ab2da9c elementor-section-full_width elementor-section-height-default elementor-section-height-default\" data-id=\"ab2da9c\" data-element_type=\"section\" data-e-type=\"section\" data-settings=\"{&quot;background_background&quot;:&quot;classic&quot;}\">\n\t\t\t\t\t\t<div class=\"elementor-container elementor-column-gap-no\">\n\t\t\t\t\t<div class=\"elementor-column elementor-col-100 elementor-top-column elementor-element elementor-element-f031df2\" data-id=\"f031df2\" data-element_type=\"column\" data-e-type=\"column\">\n\t\t\t<div class=\"elementor-widget-wrap elementor-element-populated\">\n\t\t\t\t\t\t<div class=\"elementor-element elementor-element-6f7a5be elementor-widget elementor-widget-text-editor\" data-id=\"6f7a5be\" data-element_type=\"widget\" data-e-type=\"widget\" data-widget_type=\"text-editor.default\">\n\t\t\t\t<div class=\"elementor-widget-container\">\n\t\t\t\t\t\t\t\t\t<p style=\"text-align: left;\">GRAND VISIONS\u00a0<span style=\"color: var( --e-global-color-109fe15 );\">\u2013 Diepold &amp; Finsterer GbR<br \/><\/span>Wolfener Str. 32-34 K<br \/>12681 Berlin<\/p><p style=\"text-align: left;\" class=\"translation-block\">Represented by:\nMartin Diepold \nFranziska Finsterer<\/p><p style=\"text-align: left;\">Tel: +49 30 4280 9999<\/p><p style=\"text-align: left;\"><a href=\"https:\/\/grandvisions.de\/en\/\">www.grandvisions.de<\/a><br \/>hello@grandvisions.de<\/p><p style=\"text-align: left;\">VAT ID: DE 344865582<\/p><p style=\"text-align: left;\">DISCLAIMER<br \/>Despite careful control of the content, the operator of the website assumes no liability for the content of external links. The operators are solely responsible for the content of the linked pages.<\/p><p style=\"text-align: left;\">COPYRIGHT<br \/>All images and their arrangements are subject to copyright and other intellectual property laws.<br \/>They may not be copied for commercial purposes or for distribution, nor may they be modified and used on other websites.<\/p>\t\t\t\t\t\t\t\t<\/div>\n\t\t\t\t<\/div>\n\t\t\t\t\t<\/div>\n\t\t<\/div>\n\t\t\t\t\t<\/div>\n\t\t<\/section>\n\t\t<div class=\"elementor-element elementor-element-6c860e9e e-flex e-con-boxed e-con e-parent\" data-id=\"6c860e9e\" data-element_type=\"container\" data-e-type=\"container\">\n\t\t\t\t\t<div class=\"e-con-inner\">\n\t\t<div class=\"elementor-element elementor-element-37d3faf6 e-flex e-con-boxed e-con e-child\" data-id=\"37d3faf6\" data-element_type=\"container\" data-e-type=\"container\">\n\t\t\t\t\t<div class=\"e-con-inner\">\n\t\t\t\t<div class=\"elementor-element elementor-element-3d05bab9 elementor-widget elementor-widget-spacer\" data-id=\"3d05bab9\" data-element_type=\"widget\" data-e-type=\"widget\" data-widget_type=\"spacer.default\">\n\t\t\t\t<div class=\"elementor-widget-container\">\n\t\t\t\t\t\t\t<div class=\"elementor-spacer\">\n\t\t\t<div class=\"elementor-spacer-inner\"><\/div>\n\t\t<\/div>\n\t\t\t\t\t\t<\/div>\n\t\t\t\t<\/div>\n\t\t\t\t\t<\/div>\n\t\t\t\t<\/div>\n\t\t\t\t\t<\/div>\n\t\t\t\t<\/div>\n\t\t\t\t<\/div>","protected":false},"excerpt":{"rendered":"<p>IMPRESSUM GRAND VISIONS\u00a0\u2013 Diepold &amp; Finsterer GbRWolfener Str. 32-34 K12681 Berlin Vertreten durch:\u00a0Martin Diepold\u00a0Franziska Finsterer Tel: +49 30 4280 9999 www.grandvisions.dehello@grandvisions.de USt.Id.:\u00a0DE 344865582 HAFTUNGSHINWEISETrotz sorgf\u00e4ltiger inhaltlicher Kontrolle \u00fcbernimmt der Betreiber der Website keine Haftung f\u00fcr die Inhalte externer Links. F\u00fcr den Inhalt der verlinkten Seiten sind ausschlie\u00dflich deren Betreiber verantwortlich. URHEBERRECHTAlle Bilder sowie ihre Arrangements [&hellip;]<\/p>\n","protected":false},"author":1,"featured_media":0,"parent":0,"menu_order":10,"comment_status":"closed","ping_status":"closed","template":"","meta":{"footnotes":""},"class_list":["post-1250","page","type-page","status-publish","hentry"],"yoast_head":"<!-- This site is optimized with the Yoast SEO plugin v27.4 - https:\/\/yoast.com\/product\/yoast-seo-wordpress\/ -->\n<title>Impressum - Fotografie und Videoproduktion in Berlin &amp; Hamburg<\/title>\n<meta name=\"robots\" content=\"index, follow, max-snippet:-1, max-image-preview:large, max-video-preview:-1\" \/>\n<link rel=\"canonical\" href=\"https:\/\/grandvisions.de\/en\/impressum\/\" \/>\n<meta property=\"og:locale\" content=\"en_US\" \/>\n<meta property=\"og:type\" content=\"article\" \/>\n<meta property=\"og:title\" content=\"Impressum - Fotografie und Videoproduktion in Berlin &amp; Hamburg\" \/>\n<meta property=\"og:description\" content=\"IMPRESSUM GRAND VISIONS\u00a0\u2013 Diepold &amp; Finsterer GbRWolfener Str. 32-34 K12681 Berlin Vertreten durch:\u00a0Martin Diepold\u00a0Franziska Finsterer Tel: +49 30 4280 9999 www.grandvisions.dehello@grandvisions.de USt.Id.:\u00a0DE 344865582 HAFTUNGSHINWEISETrotz sorgf\u00e4ltiger inhaltlicher Kontrolle \u00fcbernimmt der Betreiber der Website keine Haftung f\u00fcr die Inhalte externer Links. F\u00fcr den Inhalt der verlinkten Seiten sind ausschlie\u00dflich deren Betreiber verantwortlich. URHEBERRECHTAlle Bilder sowie ihre Arrangements [&hellip;]\" \/>\n<meta property=\"og:url\" content=\"https:\/\/grandvisions.de\/en\/impressum\/\" \/>\n<meta property=\"og:site_name\" content=\"Fotografie und Videoproduktion in Berlin &amp; Hamburg\" \/>\n<meta property=\"article:publisher\" content=\"https:\/\/www.facebook.com\/GRAND.VISIONS.FOTOGRAFIE.BERLIN\" \/>\n<meta property=\"article:modified_time\" content=\"2025-10-24T12:11:04+00:00\" \/>\n<meta name=\"twitter:card\" content=\"summary_large_image\" \/>\n<meta name=\"twitter:label1\" content=\"Est. reading time\" \/>\n\t<meta name=\"twitter:data1\" content=\"1 minute\" \/>\n<script type=\"application\/ld+json\" class=\"yoast-schema-graph\">{\"@context\":\"https:\\\/\\\/schema.org\",\"@graph\":[{\"@type\":\"WebPage\",\"@id\":\"https:\\\/\\\/grandvisions.de\\\/impressum\\\/\",\"url\":\"https:\\\/\\\/grandvisions.de\\\/impressum\\\/\",\"name\":\"Impressum - Fotografie und Videoproduktion in Berlin &amp; Hamburg\",\"isPartOf\":{\"@id\":\"https:\\\/\\\/grandvisions.de\\\/#website\"},\"datePublished\":\"2021-05-01T07:30:04+00:00\",\"dateModified\":\"2025-10-24T12:11:04+00:00\",\"breadcrumb\":{\"@id\":\"https:\\\/\\\/grandvisions.de\\\/impressum\\\/#breadcrumb\"},\"inLanguage\":\"en-US\",\"potentialAction\":[{\"@type\":\"ReadAction\",\"target\":[\"https:\\\/\\\/grandvisions.de\\\/impressum\\\/\"]}]},{\"@type\":\"BreadcrumbList\",\"@id\":\"https:\\\/\\\/grandvisions.de\\\/impressum\\\/#breadcrumb\",\"itemListElement\":[{\"@type\":\"ListItem\",\"position\":1,\"name\":\"Home\",\"item\":\"https:\\\/\\\/grandvisions.de\\\/\"},{\"@type\":\"ListItem\",\"position\":2,\"name\":\"Impressum\"}]},{\"@type\":\"WebSite\",\"@id\":\"https:\\\/\\\/grandvisions.de\\\/#website\",\"url\":\"https:\\\/\\\/grandvisions.de\\\/\",\"name\":\"Fotografie und Videoproduktion in Berlin & Hamburg\",\"description\":\"Professionelle Foto- &amp; Videoproduktionen\",\"publisher\":{\"@id\":\"https:\\\/\\\/grandvisions.de\\\/#organization\"},\"alternateName\":\"GRAND VISIONS\",\"potentialAction\":[{\"@type\":\"SearchAction\",\"target\":{\"@type\":\"EntryPoint\",\"urlTemplate\":\"https:\\\/\\\/grandvisions.de\\\/?s={search_term_string}\"},\"query-input\":{\"@type\":\"PropertyValueSpecification\",\"valueRequired\":true,\"valueName\":\"search_term_string\"}}],\"inLanguage\":\"en-US\"},{\"@type\":\"Organization\",\"@id\":\"https:\\\/\\\/grandvisions.de\\\/#organization\",\"name\":\"Fotografie und Videoproduktion in Berlin & Hamburg\",\"alternateName\":\"GRAND VISIONS\",\"url\":\"https:\\\/\\\/grandvisions.de\\\/\",\"logo\":{\"@type\":\"ImageObject\",\"inLanguage\":\"en-US\",\"@id\":\"https:\\\/\\\/grandvisions.de\\\/#\\\/schema\\\/logo\\\/image\\\/\",\"url\":\"https:\\\/\\\/grandvisions.de\\\/wp-content\\\/uploads\\\/2024\\\/05\\\/GRAND_VISIONS_512x512.png\",\"contentUrl\":\"https:\\\/\\\/grandvisions.de\\\/wp-content\\\/uploads\\\/2024\\\/05\\\/GRAND_VISIONS_512x512.png\",\"width\":512,\"height\":512,\"caption\":\"Fotografie und Videoproduktion in Berlin & Hamburg\"},\"image\":{\"@id\":\"https:\\\/\\\/grandvisions.de\\\/#\\\/schema\\\/logo\\\/image\\\/\"},\"sameAs\":[\"https:\\\/\\\/www.facebook.com\\\/GRAND.VISIONS.FOTOGRAFIE.BERLIN\",\"https:\\\/\\\/www.instagram.com\\\/grandvisions_com\",\"https:\\\/\\\/www.linkedin.com\\\/company\\\/grand-visions\\\/\"]}]}<\/script>\n<!-- \/ Yoast SEO plugin. -->","yoast_head_json":{"title":"Impressum - Fotografie und Videoproduktion in Berlin &amp; Hamburg","robots":{"index":"index","follow":"follow","max-snippet":"max-snippet:-1","max-image-preview":"max-image-preview:large","max-video-preview":"max-video-preview:-1"},"canonical":"https:\/\/grandvisions.de\/en\/impressum\/","og_locale":"en_US","og_type":"article","og_title":"Impressum - Fotografie und Videoproduktion in Berlin &amp; Hamburg","og_description":"IMPRESSUM GRAND VISIONS\u00a0\u2013 Diepold &amp; Finsterer GbRWolfener Str. 32-34 K12681 Berlin Vertreten durch:\u00a0Martin Diepold\u00a0Franziska Finsterer Tel: +49 30 4280 9999 www.grandvisions.dehello@grandvisions.de USt.Id.:\u00a0DE 344865582 HAFTUNGSHINWEISETrotz sorgf\u00e4ltiger inhaltlicher Kontrolle \u00fcbernimmt der Betreiber der Website keine Haftung f\u00fcr die Inhalte externer Links. F\u00fcr den Inhalt der verlinkten Seiten sind ausschlie\u00dflich deren Betreiber verantwortlich. URHEBERRECHTAlle Bilder sowie ihre Arrangements [&hellip;]","og_url":"https:\/\/grandvisions.de\/en\/impressum\/","og_site_name":"Fotografie und Videoproduktion in Berlin &amp; Hamburg","article_publisher":"https:\/\/www.facebook.com\/GRAND.VISIONS.FOTOGRAFIE.BERLIN","article_modified_time":"2025-10-24T12:11:04+00:00","twitter_card":"summary_large_image","twitter_misc":{"Est. reading time":"1 minute"},"schema":{"@context":"https:\/\/schema.org","@graph":[{"@type":"WebPage","@id":"https:\/\/grandvisions.de\/impressum\/","url":"https:\/\/grandvisions.de\/impressum\/","name":"Impressum - Fotografie und Videoproduktion in Berlin &amp; Hamburg","isPartOf":{"@id":"https:\/\/grandvisions.de\/#website"},"datePublished":"2021-05-01T07:30:04+00:00","dateModified":"2025-10-24T12:11:04+00:00","breadcrumb":{"@id":"https:\/\/grandvisions.de\/impressum\/#breadcrumb"},"inLanguage":"en-US","potentialAction":[{"@type":"ReadAction","target":["https:\/\/grandvisions.de\/impressum\/"]}]},{"@type":"BreadcrumbList","@id":"https:\/\/grandvisions.de\/impressum\/#breadcrumb","itemListElement":[{"@type":"ListItem","position":1,"name":"Home","item":"https:\/\/grandvisions.de\/"},{"@type":"ListItem","position":2,"name":"Impressum"}]},{"@type":"WebSite","@id":"https:\/\/grandvisions.de\/#website","url":"https:\/\/grandvisions.de\/","name":"Fotografie und Videoproduktion in Berlin & Hamburg","description":"Professionelle Foto- &amp; Videoproduktionen","publisher":{"@id":"https:\/\/grandvisions.de\/#organization"},"alternateName":"GRAND VISIONS","potentialAction":[{"@type":"SearchAction","target":{"@type":"EntryPoint","urlTemplate":"https:\/\/grandvisions.de\/?s={search_term_string}"},"query-input":{"@type":"PropertyValueSpecification","valueRequired":true,"valueName":"search_term_string"}}],"inLanguage":"en-US"},{"@type":"Organization","@id":"https:\/\/grandvisions.de\/#organization","name":"Fotografie und Videoproduktion in Berlin & Hamburg","alternateName":"GRAND VISIONS","url":"https:\/\/grandvisions.de\/","logo":{"@type":"ImageObject","inLanguage":"en-US","@id":"https:\/\/grandvisions.de\/#\/schema\/logo\/image\/","url":"https:\/\/grandvisions.de\/wp-content\/uploads\/2024\/05\/GRAND_VISIONS_512x512.png","contentUrl":"https:\/\/grandvisions.de\/wp-content\/uploads\/2024\/05\/GRAND_VISIONS_512x512.png","width":512,"height":512,"caption":"Fotografie und Videoproduktion in Berlin & Hamburg"},"image":{"@id":"https:\/\/grandvisions.de\/#\/schema\/logo\/image\/"},"sameAs":["https:\/\/www.facebook.com\/GRAND.VISIONS.FOTOGRAFIE.BERLIN","https:\/\/www.instagram.com\/grandvisions_com","https:\/\/www.linkedin.com\/company\/grand-visions\/"]}]}},"_links":{"self":[{"href":"https:\/\/grandvisions.de\/en\/wp-json\/wp\/v2\/pages\/1250","targetHints":{"allow":["GET"]}}],"collection":[{"href":"https:\/\/grandvisions.de\/en\/wp-json\/wp\/v2\/pages"}],"about":[{"href":"https:\/\/grandvisions.de\/en\/wp-json\/wp\/v2\/types\/page"}],"author":[{"embeddable":true,"href":"https:\/\/grandvisions.de\/en\/wp-json\/wp\/v2\/users\/1"}],"replies":[{"embeddable":true,"href":"https:\/\/grandvisions.de\/en\/wp-json\/wp\/v2\/comments?post=1250"}],"version-history":[{"count":10,"href":"https:\/\/grandvisions.de\/en\/wp-json\/wp\/v2\/pages\/1250\/revisions"}],"predecessor-version":[{"id":24014,"href":"https:\/\/grandvisions.de\/en\/wp-json\/wp\/v2\/pages\/1250\/revisions\/24014"}],"wp:attachment":[{"href":"https:\/\/grandvisions.de\/en\/wp-json\/wp\/v2\/media?parent=1250"}],"curies":[{"name":"wp","href":"https:\/\/api.w.org\/{rel}","templated":true}]}}