{"id":1300,"date":"2021-05-01T09:00:36","date_gmt":"2021-05-01T07:00:36","guid":{"rendered":"https:\/\/grandvisions.de\/?page_id=1300"},"modified":"2025-02-27T21:37:51","modified_gmt":"2025-02-27T20:37:51","slug":"kontakt","status":"publish","type":"page","link":"https:\/\/grandvisions.de\/en\/kontakt\/","title":{"rendered":"Contact"},"content":{"rendered":"<div data-elementor-type=\"wp-page\" data-elementor-id=\"1300\" class=\"elementor elementor-1300\" data-elementor-post-type=\"page\">\n\t\t\t\t<div class=\"elementor-element elementor-element-39cbf76 e-con-full e-flex e-con e-parent\" data-id=\"39cbf76\" data-element_type=\"container\" data-e-type=\"container\" id=\"leistungen\">\n\t\t<div class=\"elementor-element elementor-element-a7f16c4 e-con-full e-flex e-con e-child\" data-id=\"a7f16c4\" data-element_type=\"container\" data-e-type=\"container\">\n\t\t\t\t<div class=\"elementor-element elementor-element-3a9aa21 elementor-widget elementor-widget-heading\" data-id=\"3a9aa21\" data-element_type=\"widget\" data-e-type=\"widget\" data-widget_type=\"heading.default\">\n\t\t\t\t<div class=\"elementor-widget-container\">\n\t\t\t\t\t<h1 class=\"elementor-heading-title elementor-size-default\">JUST GIVE US A CALL!<\/h1>\t\t\t\t<\/div>\n\t\t\t\t<\/div>\n\t\t\t\t<\/div>\n\t\t\t\t<\/div>\n\t\t\t\t<section class=\"elementor-section elementor-top-section elementor-element elementor-element-ec51918 elementor-section-full_width elementor-section-height-default elementor-section-height-default\" data-id=\"ec51918\" data-element_type=\"section\" data-e-type=\"section\">\n\t\t\t\t\t\t<div class=\"elementor-container elementor-column-gap-default\">\n\t\t\t\t\t<div class=\"elementor-column elementor-col-100 elementor-top-column elementor-element elementor-element-9810c19\" data-id=\"9810c19\" data-element_type=\"column\" data-e-type=\"column\">\n\t\t\t<div class=\"elementor-widget-wrap elementor-element-populated\">\n\t\t\t\t\t\t<div class=\"elementor-element elementor-element-eb4ac62 elementor-shape-circle elementor-grid-4 elementor-widget__width-inherit e-grid-align-mobile-center elementor-grid-mobile-3 e-grid-align-center elementor-widget elementor-widget-social-icons\" data-id=\"eb4ac62\" data-element_type=\"widget\" data-e-type=\"widget\" data-widget_type=\"social-icons.default\">\n\t\t\t\t<div class=\"elementor-widget-container\">\n\t\t\t\t\t\t\t<div class=\"elementor-social-icons-wrapper elementor-grid\" role=\"list\">\n\t\t\t\t\t\t\t<span class=\"elementor-grid-item\" role=\"listitem\">\n\t\t\t\t\t<a class=\"elementor-icon elementor-social-icon elementor-social-icon-instagram elementor-repeater-item-17bbb07\" href=\"https:\/\/www.instagram.com\/grandvisions_com\/\" target=\"_blank\">\n\t\t\t\t\t\t<span class=\"elementor-screen-only\">Instagram<\/span>\n\t\t\t\t\t\t<svg aria-hidden=\"true\" class=\"e-font-icon-svg e-fab-instagram\" viewbox=\"0 0 448 512\" xmlns=\"http:\/\/www.w3.org\/2000\/svg\"><path d=\"M224.1 141c-63.6 0-114.9 51.3-114.9 114.9s51.3 114.9 114.9 114.9S339 319.5 339 255.9 287.7 141 224.1 141zm0 189.6c-41.1 0-74.7-33.5-74.7-74.7s33.5-74.7 74.7-74.7 74.7 33.5 74.7 74.7-33.6 74.7-74.7 74.7zm146.4-194.3c0 14.9-12 26.8-26.8 26.8-14.9 0-26.8-12-26.8-26.8s12-26.8 26.8-26.8 26.8 12 26.8 26.8zm76.1 27.2c-1.7-35.9-9.9-67.7-36.2-93.9-26.2-26.2-58-34.4-93.9-36.2-37-2.1-147.9-2.1-184.9 0-35.8 1.7-67.6 9.9-93.9 36.1s-34.4 58-36.2 93.9c-2.1 37-2.1 147.9 0 184.9 1.7 35.9 9.9 67.7 36.2 93.9s58 34.4 93.9 36.2c37 2.1 147.9 2.1 184.9 0 35.9-1.7 67.7-9.9 93.9-36.2 26.2-26.2 34.4-58 36.2-93.9 2.1-37 2.1-147.8 0-184.8zM398.8 388c-7.8 19.6-22.9 34.7-42.6 42.6-29.5 11.7-99.5 9-132.1 9s-102.7 2.6-132.1-9c-19.6-7.8-34.7-22.9-42.6-42.6-11.7-29.5-9-99.5-9-132.1s-2.6-102.7 9-132.1c7.8-19.6 22.9-34.7 42.6-42.6 29.5-11.7 99.5-9 132.1-9s102.7-2.6 132.1 9c19.6 7.8 34.7 22.9 42.6 42.6 11.7 29.5 9 99.5 9 132.1s2.7 102.7-9 132.1z\"><\/path><\/svg>\t\t\t\t\t<\/a>\n\t\t\t\t<\/span>\n\t\t\t\t\t\t\t<span class=\"elementor-grid-item\" role=\"listitem\">\n\t\t\t\t\t<a class=\"elementor-icon elementor-social-icon elementor-social-icon-linkedin elementor-repeater-item-7a329a7\" href=\"https:\/\/www.linkedin.com\/company\/grand-visions\" target=\"_blank\">\n\t\t\t\t\t\t<span class=\"elementor-screen-only\">Linkedin<\/span>\n\t\t\t\t\t\t<svg aria-hidden=\"true\" class=\"e-font-icon-svg e-fab-linkedin\" viewbox=\"0 0 448 512\" xmlns=\"http:\/\/www.w3.org\/2000\/svg\"><path d=\"M416 32H31.9C14.3 32 0 46.5 0 64.3v383.4C0 465.5 14.3 480 31.9 480H416c17.6 0 32-14.5 32-32.3V64.3c0-17.8-14.4-32.3-32-32.3zM135.4 416H69V202.2h66.5V416zm-33.2-243c-21.3 0-38.5-17.3-38.5-38.5S80.9 96 102.2 96c21.2 0 38.5 17.3 38.5 38.5 0 21.3-17.2 38.5-38.5 38.5zm282.1 243h-66.4V312c0-24.8-.5-56.7-34.5-56.7-34.6 0-39.9 27-39.9 54.9V416h-66.4V202.2h63.7v29.2h.9c8.9-16.8 30.6-34.5 62.9-34.5 67.2 0 79.7 44.3 79.7 101.9V416z\"><\/path><\/svg>\t\t\t\t\t<\/a>\n\t\t\t\t<\/span>\n\t\t\t\t\t\t\t<span class=\"elementor-grid-item\" role=\"listitem\">\n\t\t\t\t\t<a class=\"elementor-icon elementor-social-icon elementor-social-icon-facebook elementor-repeater-item-2590a56\" href=\"https:\/\/www.facebook.com\/GRAND.VISIONS.FOTOGRAFIE.BERLIN\" target=\"_blank\">\n\t\t\t\t\t\t<span class=\"elementor-screen-only\">Facebook<\/span>\n\t\t\t\t\t\t<svg aria-hidden=\"true\" class=\"e-font-icon-svg e-fab-facebook\" viewbox=\"0 0 512 512\" xmlns=\"http:\/\/www.w3.org\/2000\/svg\"><path d=\"M504 256C504 119 393 8 256 8S8 119 8 256c0 123.78 90.69 226.38 209.25 245V327.69h-63V256h63v-54.64c0-62.15 37-96.48 93.67-96.48 27.14 0 55.52 4.84 55.52 4.84v61h-31.28c-30.8 0-40.41 19.12-40.41 38.73V256h68.78l-11 71.69h-57.78V501C413.31 482.38 504 379.78 504 256z\"><\/path><\/svg>\t\t\t\t\t<\/a>\n\t\t\t\t<\/span>\n\t\t\t\t\t<\/div>\n\t\t\t\t\t\t<\/div>\n\t\t\t\t<\/div>\n\t\t\t\t\t<\/div>\n\t\t<\/div>\n\t\t\t\t\t<\/div>\n\t\t<\/section>\n\t\t<div class=\"elementor-element elementor-element-bbebc27 e-flex e-con-boxed e-con e-parent\" data-id=\"bbebc27\" data-element_type=\"container\" data-e-type=\"container\">\n\t\t\t\t\t<div class=\"e-con-inner\">\n\t\t<div class=\"elementor-element elementor-element-e8a334b e-con-full e-flex e-con e-child\" data-id=\"e8a334b\" data-element_type=\"container\" data-e-type=\"container\">\n\t\t\t\t<div class=\"elementor-element elementor-element-0598542 elementor-widget elementor-widget-heading\" data-id=\"0598542\" data-element_type=\"widget\" data-e-type=\"widget\" data-widget_type=\"heading.default\">\n\t\t\t\t<div class=\"elementor-widget-container\">\n\t\t\t\t\t<h2 class=\"elementor-heading-title elementor-size-default\">GRAND VISIONS \u2013 BERLIN CENTER<\/h2>\t\t\t\t<\/div>\n\t\t\t\t<\/div>\n\t\t\t\t<div class=\"elementor-element elementor-element-24e187e elementor-widget elementor-widget-text-editor\" data-id=\"24e187e\" data-element_type=\"widget\" data-e-type=\"widget\" data-widget_type=\"text-editor.default\">\n\t\t\t\t<div class=\"elementor-widget-container\">\n\t\t\t\t\t\t\t\t\t<p><strong>Tel:<\/strong>\u00a0 \u00a0 \u00a0 \u00a0 +49 30 4280 9999\u202c<br \/><strong>Mail: \u00a0 \u00a0 \u00a0<\/strong><a href=\"mailto:hello@grandvisions.de\">hello@grandvisions.de<\/a><br \/><strong>Maps: \u00a0\u00a0<\/strong> <a href=\"https:\/\/maps.app.goo.gl\/KmJUSsnqdi9yHemW6\" target=\"_blank\" rel=\"noopener\">Urbanstr. 71, 10967 Berlin<\/a><\/p>\t\t\t\t\t\t\t\t<\/div>\n\t\t\t\t<\/div>\n\t\t\t\t<\/div>\n\t\t<div class=\"elementor-element elementor-element-75cb91b e-con-full e-flex e-con e-child\" data-id=\"75cb91b\" data-element_type=\"container\" data-e-type=\"container\">\n\t\t\t\t<div class=\"elementor-element elementor-element-8256903 elementor-widget elementor-widget-heading\" data-id=\"8256903\" data-element_type=\"widget\" data-e-type=\"widget\" data-widget_type=\"heading.default\">\n\t\t\t\t<div class=\"elementor-widget-container\">\n\t\t\t\t\t<h2 class=\"elementor-heading-title elementor-size-default\">GRAND VISIONS \u2013 BERLIN EAST<\/h2>\t\t\t\t<\/div>\n\t\t\t\t<\/div>\n\t\t\t\t<div class=\"elementor-element elementor-element-73d0d86 elementor-widget elementor-widget-text-editor\" data-id=\"73d0d86\" data-element_type=\"widget\" data-e-type=\"widget\" data-widget_type=\"text-editor.default\">\n\t\t\t\t<div class=\"elementor-widget-container\">\n\t\t\t\t\t\t\t\t\t<p><strong>Tel:<\/strong>\u00a0 \u00a0 \u00a0 \u00a0 +49 30 4280 9999\u202c<br \/><strong>Mail: \u00a0\u00a0 \u00a0\u00a0<\/strong><a href=\"mailto:hello@grandvisions.de\">hello@grandvisions.de<\/a><br \/><strong>Maps: \u00a0\u00a0<\/strong> <a href=\"https:\/\/maps.app.goo.gl\/AaYSVN9JaZwK53Dq6\" target=\"_blank\" rel=\"noopener\">Wolfener Str. 32-34 K, 12681 Berlin<\/a><\/p>\t\t\t\t\t\t\t\t<\/div>\n\t\t\t\t<\/div>\n\t\t\t\t<\/div>\n\t\t\t\t\t<\/div>\n\t\t\t\t<\/div>\n\t\t<div class=\"elementor-element elementor-element-324ed7c e-flex e-con-boxed e-con e-parent\" data-id=\"324ed7c\" data-element_type=\"container\" data-e-type=\"container\">\n\t\t\t\t\t<div class=\"e-con-inner\">\n\t\t<div class=\"elementor-element elementor-element-1c4a3af e-con-full e-flex e-con e-child\" data-id=\"1c4a3af\" data-element_type=\"container\" data-e-type=\"container\">\n\t\t\t\t<div class=\"elementor-element elementor-element-fa19280 elementor-widget elementor-widget-heading\" data-id=\"fa19280\" data-element_type=\"widget\" data-e-type=\"widget\" data-widget_type=\"heading.default\">\n\t\t\t\t<div class=\"elementor-widget-container\">\n\t\t\t\t\t<h2 class=\"elementor-heading-title elementor-size-default\">GRAND VISIONS \u2013 HAMBURG<\/h2>\t\t\t\t<\/div>\n\t\t\t\t<\/div>\n\t\t\t\t<div class=\"elementor-element elementor-element-f827715 elementor-widget elementor-widget-text-editor\" data-id=\"f827715\" data-element_type=\"widget\" data-e-type=\"widget\" data-widget_type=\"text-editor.default\">\n\t\t\t\t<div class=\"elementor-widget-container\">\n\t\t\t\t\t\t\t\t\t<p><strong>Tel:<\/strong>\u00a0 \u00a0 \u00a0 \u00a0 \u00a0+49 30 4280 9999\u202c<br \/><strong>Mail: \u00a0\u00a0 \u00a0 <\/strong><a href=\"mailto:hello@grandvisions.de\">hello@grandvisions.de<\/a><br \/><strong>Maps: \u00a0\u00a0<\/strong> <a href=\"https:\/\/maps.app.goo.gl\/TtENdHgnz9o4aRF56\" target=\"_blank\" rel=\"noopener\">Oberstr. 88, 20149 Hamburg<\/a><\/p>\t\t\t\t\t\t\t\t<\/div>\n\t\t\t\t<\/div>\n\t\t\t\t<\/div>\n\t\t<div class=\"elementor-element elementor-element-031410f e-con-full e-flex e-con e-child\" data-id=\"031410f\" data-element_type=\"container\" data-e-type=\"container\">\n\t\t\t\t<div class=\"elementor-element elementor-element-a8af712 elementor-widget elementor-widget-heading\" data-id=\"a8af712\" data-element_type=\"widget\" data-e-type=\"widget\" data-widget_type=\"heading.default\">\n\t\t\t\t<div class=\"elementor-widget-container\">\n\t\t\t\t\t<h2 class=\"elementor-heading-title elementor-size-default\">GRAND VISIONS \u2013 CANARY ISLANDS<\/h2>\t\t\t\t<\/div>\n\t\t\t\t<\/div>\n\t\t\t\t<div class=\"elementor-element elementor-element-ca21b96 elementor-widget elementor-widget-text-editor\" data-id=\"ca21b96\" data-element_type=\"widget\" data-e-type=\"widget\" data-widget_type=\"text-editor.default\">\n\t\t\t\t<div class=\"elementor-widget-container\">\n\t\t\t\t\t\t\t\t\t<p><strong>Tel:<\/strong>\u00a0 \u00a0 \u00a0 \u00a0 +49 30 4280 9999\u202c<br \/><strong>Mail: \u00a0 \u00a0 \u00a0<\/strong><a href=\"mailto:hello@grandvisions.de\">hello@grandvisions.de<\/a><br \/><strong>Maps: \u00a0\u00a0<\/strong> <a href=\"https:\/\/maps.app.goo.gl\/XQMH4bFTqGZkQL158\" target=\"_blank\" rel=\"noopener\">38811 Tecina, Pueblo Don Thomas, La Sabina 16<\/a><\/p>\t\t\t\t\t\t\t\t<\/div>\n\t\t\t\t<\/div>\n\t\t\t\t<\/div>\n\t\t\t\t\t<\/div>\n\t\t\t\t<\/div>\n\t\t\t\t<\/div>","protected":false},"excerpt":{"rendered":"<p>RUF EINFACH MAL AN! Instagram Linkedin Facebook GRAND VISIONS \u2013 BERLIN ZENTRUM Tel:\u00a0 \u00a0 \u00a0 \u00a0 +49 30 4280 9999\u202cMail: \u00a0 \u00a0 \u00a0hello@grandvisions.deMaps: \u00a0\u00a0 Urbanstr. 71, 10967 Berlin GRAND VISIONS \u2013 BERLIN OST Tel:\u00a0 \u00a0 \u00a0 \u00a0 +49 30 4280 9999\u202cMail: \u00a0\u00a0 \u00a0\u00a0hello@grandvisions.deMaps: \u00a0\u00a0 Wolfener Str. 32-34 K, 12681 Berlin GRAND VISIONS \u2013 HAMBURG Tel:\u00a0 [&hellip;]<\/p>\n","protected":false},"author":1,"featured_media":8319,"parent":0,"menu_order":12,"comment_status":"closed","ping_status":"closed","template":"","meta":{"footnotes":""},"class_list":["post-1300","page","type-page","status-publish","has-post-thumbnail","hentry"],"yoast_head":"<!-- This site is optimized with the Yoast SEO plugin v27.4 - https:\/\/yoast.com\/product\/yoast-seo-wordpress\/ -->\n<title>GRAND VISIONS \u2013\u00a0Die Berliner Content Agentur<\/title>\n<meta name=\"description\" content=\"Wir produzieren Fotos &amp; Videos f\u00fcr alle professionellen Anspr\u00fcche. Ruf uns an und erfahre mehr \u00fcber unsere Leistungen: 030-235919009\" \/>\n<meta name=\"robots\" content=\"index, follow, max-snippet:-1, max-image-preview:large, max-video-preview:-1\" \/>\n<link rel=\"canonical\" href=\"https:\/\/grandvisions.de\/en\/kontakt\/\" \/>\n<meta property=\"og:locale\" content=\"en_US\" \/>\n<meta property=\"og:type\" content=\"article\" \/>\n<meta property=\"og:title\" content=\"GRAND VISIONS \u2013\u00a0Die Berliner Content Agentur\" \/>\n<meta property=\"og:description\" content=\"Wir produzieren Fotos &amp; Videos f\u00fcr alle professionellen Anspr\u00fcche. Ruf uns an und erfahre mehr \u00fcber unsere Leistungen: 030-235919009\" \/>\n<meta property=\"og:url\" content=\"https:\/\/grandvisions.de\/en\/kontakt\/\" \/>\n<meta property=\"og:site_name\" content=\"Fotografie und Videoproduktion in Berlin &amp; Hamburg\" \/>\n<meta property=\"article:publisher\" content=\"https:\/\/www.facebook.com\/GRAND.VISIONS.FOTOGRAFIE.BERLIN\" \/>\n<meta property=\"article:modified_time\" content=\"2025-02-27T20:37:51+00:00\" \/>\n<meta property=\"og:image\" content=\"https:\/\/grandvisions.de\/wp-content\/uploads\/2021\/04\/Martin-Diepold_GRAND-VISIONS_DSC9492.png\" \/>\n\t<meta property=\"og:image:width\" content=\"300\" \/>\n\t<meta property=\"og:image:height\" content=\"300\" \/>\n\t<meta property=\"og:image:type\" content=\"image\/png\" \/>\n<meta name=\"twitter:card\" content=\"summary_large_image\" \/>\n<meta name=\"twitter:label1\" content=\"Est. reading time\" \/>\n\t<meta name=\"twitter:data1\" content=\"1 minute\" \/>\n<script type=\"application\/ld+json\" class=\"yoast-schema-graph\">{\"@context\":\"https:\\\/\\\/schema.org\",\"@graph\":[{\"@type\":\"WebPage\",\"@id\":\"https:\\\/\\\/grandvisions.de\\\/kontakt\\\/\",\"url\":\"https:\\\/\\\/grandvisions.de\\\/kontakt\\\/\",\"name\":\"GRAND VISIONS \u2013\u00a0Die Berliner Content Agentur\",\"isPartOf\":{\"@id\":\"https:\\\/\\\/grandvisions.de\\\/#website\"},\"primaryImageOfPage\":{\"@id\":\"https:\\\/\\\/grandvisions.de\\\/kontakt\\\/#primaryimage\"},\"image\":{\"@id\":\"https:\\\/\\\/grandvisions.de\\\/kontakt\\\/#primaryimage\"},\"thumbnailUrl\":\"https:\\\/\\\/grandvisions.de\\\/wp-content\\\/uploads\\\/2021\\\/04\\\/Martin-Diepold_GRAND-VISIONS_DSC9492.png\",\"datePublished\":\"2021-05-01T07:00:36+00:00\",\"dateModified\":\"2025-02-27T20:37:51+00:00\",\"description\":\"Wir produzieren Fotos & Videos f\u00fcr alle professionellen Anspr\u00fcche. Ruf uns an und erfahre mehr \u00fcber unsere Leistungen: 030-235919009\",\"breadcrumb\":{\"@id\":\"https:\\\/\\\/grandvisions.de\\\/kontakt\\\/#breadcrumb\"},\"inLanguage\":\"en-US\",\"potentialAction\":[{\"@type\":\"ReadAction\",\"target\":[\"https:\\\/\\\/grandvisions.de\\\/kontakt\\\/\"]}]},{\"@type\":\"ImageObject\",\"inLanguage\":\"en-US\",\"@id\":\"https:\\\/\\\/grandvisions.de\\\/kontakt\\\/#primaryimage\",\"url\":\"https:\\\/\\\/grandvisions.de\\\/wp-content\\\/uploads\\\/2021\\\/04\\\/Martin-Diepold_GRAND-VISIONS_DSC9492.png\",\"contentUrl\":\"https:\\\/\\\/grandvisions.de\\\/wp-content\\\/uploads\\\/2021\\\/04\\\/Martin-Diepold_GRAND-VISIONS_DSC9492.png\",\"width\":300,\"height\":300,\"caption\":\"Martin-Diepold_GRAND-VISIONS\"},{\"@type\":\"BreadcrumbList\",\"@id\":\"https:\\\/\\\/grandvisions.de\\\/kontakt\\\/#breadcrumb\",\"itemListElement\":[{\"@type\":\"ListItem\",\"position\":1,\"name\":\"Home\",\"item\":\"https:\\\/\\\/grandvisions.de\\\/\"},{\"@type\":\"ListItem\",\"position\":2,\"name\":\"Kontakt\"}]},{\"@type\":\"WebSite\",\"@id\":\"https:\\\/\\\/grandvisions.de\\\/#website\",\"url\":\"https:\\\/\\\/grandvisions.de\\\/\",\"name\":\"Fotografie und Videoproduktion in Berlin & Hamburg\",\"description\":\"Professionelle Foto- &amp; Videoproduktionen\",\"publisher\":{\"@id\":\"https:\\\/\\\/grandvisions.de\\\/#organization\"},\"alternateName\":\"GRAND VISIONS\",\"potentialAction\":[{\"@type\":\"SearchAction\",\"target\":{\"@type\":\"EntryPoint\",\"urlTemplate\":\"https:\\\/\\\/grandvisions.de\\\/?s={search_term_string}\"},\"query-input\":{\"@type\":\"PropertyValueSpecification\",\"valueRequired\":true,\"valueName\":\"search_term_string\"}}],\"inLanguage\":\"en-US\"},{\"@type\":\"Organization\",\"@id\":\"https:\\\/\\\/grandvisions.de\\\/#organization\",\"name\":\"Fotografie und Videoproduktion in Berlin & Hamburg\",\"alternateName\":\"GRAND VISIONS\",\"url\":\"https:\\\/\\\/grandvisions.de\\\/\",\"logo\":{\"@type\":\"ImageObject\",\"inLanguage\":\"en-US\",\"@id\":\"https:\\\/\\\/grandvisions.de\\\/#\\\/schema\\\/logo\\\/image\\\/\",\"url\":\"https:\\\/\\\/grandvisions.de\\\/wp-content\\\/uploads\\\/2024\\\/05\\\/GRAND_VISIONS_512x512.png\",\"contentUrl\":\"https:\\\/\\\/grandvisions.de\\\/wp-content\\\/uploads\\\/2024\\\/05\\\/GRAND_VISIONS_512x512.png\",\"width\":512,\"height\":512,\"caption\":\"Fotografie und Videoproduktion in Berlin & Hamburg\"},\"image\":{\"@id\":\"https:\\\/\\\/grandvisions.de\\\/#\\\/schema\\\/logo\\\/image\\\/\"},\"sameAs\":[\"https:\\\/\\\/www.facebook.com\\\/GRAND.VISIONS.FOTOGRAFIE.BERLIN\",\"https:\\\/\\\/www.instagram.com\\\/grandvisions_com\",\"https:\\\/\\\/www.linkedin.com\\\/company\\\/grand-visions\\\/\"]}]}<\/script>\n<!-- \/ Yoast SEO plugin. -->","yoast_head_json":{"title":"GRAND VISIONS \u2013\u00a0Die Berliner Content Agentur","description":"Wir produzieren Fotos & Videos f\u00fcr alle professionellen Anspr\u00fcche. Ruf uns an und erfahre mehr \u00fcber unsere Leistungen: 030-235919009","robots":{"index":"index","follow":"follow","max-snippet":"max-snippet:-1","max-image-preview":"max-image-preview:large","max-video-preview":"max-video-preview:-1"},"canonical":"https:\/\/grandvisions.de\/en\/kontakt\/","og_locale":"en_US","og_type":"article","og_title":"GRAND VISIONS \u2013\u00a0Die Berliner Content Agentur","og_description":"Wir produzieren Fotos & Videos f\u00fcr alle professionellen Anspr\u00fcche. Ruf uns an und erfahre mehr \u00fcber unsere Leistungen: 030-235919009","og_url":"https:\/\/grandvisions.de\/en\/kontakt\/","og_site_name":"Fotografie und Videoproduktion in Berlin &amp; Hamburg","article_publisher":"https:\/\/www.facebook.com\/GRAND.VISIONS.FOTOGRAFIE.BERLIN","article_modified_time":"2025-02-27T20:37:51+00:00","og_image":[{"width":300,"height":300,"url":"https:\/\/grandvisions.de\/wp-content\/uploads\/2021\/04\/Martin-Diepold_GRAND-VISIONS_DSC9492.png","type":"image\/png"}],"twitter_card":"summary_large_image","twitter_misc":{"Est. reading time":"1 minute"},"schema":{"@context":"https:\/\/schema.org","@graph":[{"@type":"WebPage","@id":"https:\/\/grandvisions.de\/kontakt\/","url":"https:\/\/grandvisions.de\/kontakt\/","name":"GRAND VISIONS \u2013\u00a0Die Berliner Content Agentur","isPartOf":{"@id":"https:\/\/grandvisions.de\/#website"},"primaryImageOfPage":{"@id":"https:\/\/grandvisions.de\/kontakt\/#primaryimage"},"image":{"@id":"https:\/\/grandvisions.de\/kontakt\/#primaryimage"},"thumbnailUrl":"https:\/\/grandvisions.de\/wp-content\/uploads\/2021\/04\/Martin-Diepold_GRAND-VISIONS_DSC9492.png","datePublished":"2021-05-01T07:00:36+00:00","dateModified":"2025-02-27T20:37:51+00:00","description":"Wir produzieren Fotos & Videos f\u00fcr alle professionellen Anspr\u00fcche. Ruf uns an und erfahre mehr \u00fcber unsere Leistungen: 030-235919009","breadcrumb":{"@id":"https:\/\/grandvisions.de\/kontakt\/#breadcrumb"},"inLanguage":"en-US","potentialAction":[{"@type":"ReadAction","target":["https:\/\/grandvisions.de\/kontakt\/"]}]},{"@type":"ImageObject","inLanguage":"en-US","@id":"https:\/\/grandvisions.de\/kontakt\/#primaryimage","url":"https:\/\/grandvisions.de\/wp-content\/uploads\/2021\/04\/Martin-Diepold_GRAND-VISIONS_DSC9492.png","contentUrl":"https:\/\/grandvisions.de\/wp-content\/uploads\/2021\/04\/Martin-Diepold_GRAND-VISIONS_DSC9492.png","width":300,"height":300,"caption":"Martin-Diepold_GRAND-VISIONS"},{"@type":"BreadcrumbList","@id":"https:\/\/grandvisions.de\/kontakt\/#breadcrumb","itemListElement":[{"@type":"ListItem","position":1,"name":"Home","item":"https:\/\/grandvisions.de\/"},{"@type":"ListItem","position":2,"name":"Kontakt"}]},{"@type":"WebSite","@id":"https:\/\/grandvisions.de\/#website","url":"https:\/\/grandvisions.de\/","name":"Fotografie und Videoproduktion in Berlin & Hamburg","description":"Professionelle Foto- &amp; Videoproduktionen","publisher":{"@id":"https:\/\/grandvisions.de\/#organization"},"alternateName":"GRAND VISIONS","potentialAction":[{"@type":"SearchAction","target":{"@type":"EntryPoint","urlTemplate":"https:\/\/grandvisions.de\/?s={search_term_string}"},"query-input":{"@type":"PropertyValueSpecification","valueRequired":true,"valueName":"search_term_string"}}],"inLanguage":"en-US"},{"@type":"Organization","@id":"https:\/\/grandvisions.de\/#organization","name":"Fotografie und Videoproduktion in Berlin & Hamburg","alternateName":"GRAND VISIONS","url":"https:\/\/grandvisions.de\/","logo":{"@type":"ImageObject","inLanguage":"en-US","@id":"https:\/\/grandvisions.de\/#\/schema\/logo\/image\/","url":"https:\/\/grandvisions.de\/wp-content\/uploads\/2024\/05\/GRAND_VISIONS_512x512.png","contentUrl":"https:\/\/grandvisions.de\/wp-content\/uploads\/2024\/05\/GRAND_VISIONS_512x512.png","width":512,"height":512,"caption":"Fotografie und Videoproduktion in Berlin & Hamburg"},"image":{"@id":"https:\/\/grandvisions.de\/#\/schema\/logo\/image\/"},"sameAs":["https:\/\/www.facebook.com\/GRAND.VISIONS.FOTOGRAFIE.BERLIN","https:\/\/www.instagram.com\/grandvisions_com","https:\/\/www.linkedin.com\/company\/grand-visions\/"]}]}},"_links":{"self":[{"href":"https:\/\/grandvisions.de\/en\/wp-json\/wp\/v2\/pages\/1300","targetHints":{"allow":["GET"]}}],"collection":[{"href":"https:\/\/grandvisions.de\/en\/wp-json\/wp\/v2\/pages"}],"about":[{"href":"https:\/\/grandvisions.de\/en\/wp-json\/wp\/v2\/types\/page"}],"author":[{"embeddable":true,"href":"https:\/\/grandvisions.de\/en\/wp-json\/wp\/v2\/users\/1"}],"replies":[{"embeddable":true,"href":"https:\/\/grandvisions.de\/en\/wp-json\/wp\/v2\/comments?post=1300"}],"version-history":[{"count":10,"href":"https:\/\/grandvisions.de\/en\/wp-json\/wp\/v2\/pages\/1300\/revisions"}],"predecessor-version":[{"id":22810,"href":"https:\/\/grandvisions.de\/en\/wp-json\/wp\/v2\/pages\/1300\/revisions\/22810"}],"wp:featuredmedia":[{"embeddable":true,"href":"https:\/\/grandvisions.de\/en\/wp-json\/wp\/v2\/media\/8319"}],"wp:attachment":[{"href":"https:\/\/grandvisions.de\/en\/wp-json\/wp\/v2\/media?parent=1300"}],"curies":[{"name":"wp","href":"https:\/\/api.w.org\/{rel}","templated":true}]}}