{"id":16600,"date":"2023-05-19T14:27:03","date_gmt":"2023-05-19T12:27:03","guid":{"rendered":"https:\/\/grandvisions.de\/?page_id=16600"},"modified":"2025-07-02T12:33:58","modified_gmt":"2025-07-02T10:33:58","slug":"stornobedingungen","status":"publish","type":"page","link":"https:\/\/grandvisions.de\/en\/stornobedingungen\/","title":{"rendered":"Cancellation Policy"},"content":{"rendered":"<div data-elementor-type=\"wp-page\" data-elementor-id=\"16600\" class=\"elementor elementor-16600\" data-elementor-post-type=\"page\">\n\t\t\t\t<div class=\"elementor-element elementor-element-391504b e-con-full e-flex e-con e-parent\" data-id=\"391504b\" data-element_type=\"container\" data-e-type=\"container\" id=\"leistungen\">\n\t\t<div class=\"elementor-element elementor-element-f83000e e-con-full e-flex e-con e-child\" data-id=\"f83000e\" data-element_type=\"container\" data-e-type=\"container\">\n\t\t\t\t<div class=\"elementor-element elementor-element-baec59b elementor-widget elementor-widget-heading\" data-id=\"baec59b\" data-element_type=\"widget\" data-e-type=\"widget\" data-widget_type=\"heading.default\">\n\t\t\t\t<div class=\"elementor-widget-container\">\n\t\t\t\t\t<h1 class=\"elementor-heading-title elementor-size-default\">CANCELLATION POLICY<\/h1>\t\t\t\t<\/div>\n\t\t\t\t<\/div>\n\t\t\t\t<\/div>\n\t\t\t\t<\/div>\n\t\t\t\t<section class=\"elementor-section elementor-top-section elementor-element elementor-element-ab2da9c elementor-section-height-full elementor-section-items-top elementor-section-full_width elementor-section-height-default\" data-id=\"ab2da9c\" data-element_type=\"section\" data-e-type=\"section\" data-settings=\"{&quot;background_background&quot;:&quot;classic&quot;}\">\n\t\t\t\t\t\t<div class=\"elementor-container elementor-column-gap-no\">\n\t\t\t\t\t<div class=\"elementor-column elementor-col-100 elementor-top-column elementor-element elementor-element-f031df2\" data-id=\"f031df2\" data-element_type=\"column\" data-e-type=\"column\">\n\t\t\t<div class=\"elementor-widget-wrap elementor-element-populated\">\n\t\t\t\t\t\t<div class=\"elementor-element elementor-element-470b925 elementor-widget elementor-widget-text-editor\" data-id=\"470b925\" data-element_type=\"widget\" data-e-type=\"widget\" data-widget_type=\"text-editor.default\">\n\t\t\t\t<div class=\"elementor-widget-container\">\n\t\t\t\t\t\t\t\t\t<p>Dear customer,<\/p><p>planning security is just as important for us as it is for you. After our written order confirmation, we prepare individually for each upcoming order in terms of content and personnel. That's why we would like to point out our cancellation conditions here and thank you for your understanding.<\/p><p>Your GRAND VISIONS Team<\/p>\t\t\t\t\t\t\t\t<\/div>\n\t\t\t\t<\/div>\n\t\t\t\t<div class=\"elementor-element elementor-element-6f7a5be elementor-widget elementor-widget-text-editor\" data-id=\"6f7a5be\" data-element_type=\"widget\" data-e-type=\"widget\" data-widget_type=\"text-editor.default\">\n\t\t\t\t<div class=\"elementor-widget-container\">\n\t\t\t\t\t\t\t\t\t<p>When canceling an order, the following deadlines apply. Cancellation must always be made in writing.<\/p><p>\u25c6 In the event of cancellation 20 days before the start of the order, we charge a cancellation fee of 30 % of the total order value.<\/p><p>\u25c6 In the event of cancellation 10 days before the start of the order, we charge a cancellation fee of 50 % of the total order value.<\/p><p>\u25c6 In the event of cancellation 5 days before the start of the order,<span class=\"Apple-converted-space\">\u00a0<\/span>we charge a cancellation fee of 100% of the total order value.\u00a0<\/p>\t\t\t\t\t\t\t\t<\/div>\n\t\t\t\t<\/div>\n\t\t\t\t\t<\/div>\n\t\t<\/div>\n\t\t\t\t\t<\/div>\n\t\t<\/section>\n\t\t\t\t<\/div>","protected":false},"excerpt":{"rendered":"<p>STORNOBEDINGUNGEN Liebe:r Kunde\/-in, f\u00fcr uns ist die Planungssicherheit genauso wichtig wie f\u00fcr Dich. Nach unserer schriftlichen Auftragsbest\u00e4tigung bereiten wir uns inhaltlich und personell auf jeden bevorstehenden Auftrag individuell vor. Deswegen weisen wir Dich an dieser Stelle auf unsere Stornobedingungen hin und danken f\u00fcr Dein Verst\u00e4ndnis. Dein GRAND VISIONS Team Bei der Stornierung eines Auftrages gelten [&hellip;]<\/p>\n","protected":false},"author":8,"featured_media":0,"parent":0,"menu_order":10,"comment_status":"closed","ping_status":"closed","template":"","meta":{"footnotes":""},"class_list":["post-16600","page","type-page","status-publish","hentry"],"yoast_head":"<!-- This site is optimized with the Yoast SEO plugin v27.5 - https:\/\/yoast.com\/product\/yoast-seo-wordpress\/ -->\n<title>Stornobedingungen - Fotografie und Videoproduktion in Berlin &amp; Hamburg<\/title>\n<meta name=\"robots\" content=\"index, nofollow, max-snippet:-1, max-image-preview:large, max-video-preview:-1\" \/>\n<link rel=\"canonical\" href=\"https:\/\/grandvisions.de\/en\/stornobedingungen\/\" \/>\n<meta property=\"og:locale\" content=\"en_US\" \/>\n<meta property=\"og:type\" content=\"article\" \/>\n<meta property=\"og:title\" content=\"Stornobedingungen - Fotografie und Videoproduktion in Berlin &amp; Hamburg\" \/>\n<meta property=\"og:description\" content=\"STORNOBEDINGUNGEN Liebe:r Kunde\/-in, f\u00fcr uns ist die Planungssicherheit genauso wichtig wie f\u00fcr Dich. Nach unserer schriftlichen Auftragsbest\u00e4tigung bereiten wir uns inhaltlich und personell auf jeden bevorstehenden Auftrag individuell vor. Deswegen weisen wir Dich an dieser Stelle auf unsere Stornobedingungen hin und danken f\u00fcr Dein Verst\u00e4ndnis. Dein GRAND VISIONS Team Bei der Stornierung eines Auftrages gelten [&hellip;]\" \/>\n<meta property=\"og:url\" content=\"https:\/\/grandvisions.de\/en\/stornobedingungen\/\" \/>\n<meta property=\"og:site_name\" content=\"Fotografie und Videoproduktion in Berlin &amp; Hamburg\" \/>\n<meta property=\"article:publisher\" content=\"https:\/\/www.facebook.com\/GRAND.VISIONS.FOTOGRAFIE.BERLIN\" \/>\n<meta property=\"article:modified_time\" content=\"2025-07-02T10:33:58+00:00\" \/>\n<meta name=\"twitter:card\" content=\"summary_large_image\" \/>\n<meta name=\"twitter:label1\" content=\"Est. reading time\" \/>\n\t<meta name=\"twitter:data1\" content=\"1 minute\" \/>\n<script type=\"application\/ld+json\" class=\"yoast-schema-graph\">{\"@context\":\"https:\\\/\\\/schema.org\",\"@graph\":[{\"@type\":\"WebPage\",\"@id\":\"https:\\\/\\\/grandvisions.de\\\/stornobedingungen\\\/\",\"url\":\"https:\\\/\\\/grandvisions.de\\\/stornobedingungen\\\/\",\"name\":\"Stornobedingungen - Fotografie und Videoproduktion in Berlin &amp; Hamburg\",\"isPartOf\":{\"@id\":\"https:\\\/\\\/grandvisions.de\\\/#website\"},\"datePublished\":\"2023-05-19T12:27:03+00:00\",\"dateModified\":\"2025-07-02T10:33:58+00:00\",\"breadcrumb\":{\"@id\":\"https:\\\/\\\/grandvisions.de\\\/stornobedingungen\\\/#breadcrumb\"},\"inLanguage\":\"en-US\",\"potentialAction\":[{\"@type\":\"ReadAction\",\"target\":[\"https:\\\/\\\/grandvisions.de\\\/stornobedingungen\\\/\"]}]},{\"@type\":\"BreadcrumbList\",\"@id\":\"https:\\\/\\\/grandvisions.de\\\/stornobedingungen\\\/#breadcrumb\",\"itemListElement\":[{\"@type\":\"ListItem\",\"position\":1,\"name\":\"Home\",\"item\":\"https:\\\/\\\/grandvisions.de\\\/\"},{\"@type\":\"ListItem\",\"position\":2,\"name\":\"Stornobedingungen\"}]},{\"@type\":\"WebSite\",\"@id\":\"https:\\\/\\\/grandvisions.de\\\/#website\",\"url\":\"https:\\\/\\\/grandvisions.de\\\/\",\"name\":\"Fotografie und Videoproduktion in Berlin & Hamburg\",\"description\":\"Professionelle Foto- &amp; Videoproduktionen\",\"publisher\":{\"@id\":\"https:\\\/\\\/grandvisions.de\\\/#organization\"},\"alternateName\":\"GRAND VISIONS\",\"potentialAction\":[{\"@type\":\"SearchAction\",\"target\":{\"@type\":\"EntryPoint\",\"urlTemplate\":\"https:\\\/\\\/grandvisions.de\\\/?s={search_term_string}\"},\"query-input\":{\"@type\":\"PropertyValueSpecification\",\"valueRequired\":true,\"valueName\":\"search_term_string\"}}],\"inLanguage\":\"en-US\"},{\"@type\":\"Organization\",\"@id\":\"https:\\\/\\\/grandvisions.de\\\/#organization\",\"name\":\"Fotografie und Videoproduktion in Berlin & Hamburg\",\"alternateName\":\"GRAND VISIONS\",\"url\":\"https:\\\/\\\/grandvisions.de\\\/\",\"logo\":{\"@type\":\"ImageObject\",\"inLanguage\":\"en-US\",\"@id\":\"https:\\\/\\\/grandvisions.de\\\/#\\\/schema\\\/logo\\\/image\\\/\",\"url\":\"https:\\\/\\\/grandvisions.de\\\/wp-content\\\/uploads\\\/2024\\\/05\\\/GRAND_VISIONS_512x512.png\",\"contentUrl\":\"https:\\\/\\\/grandvisions.de\\\/wp-content\\\/uploads\\\/2024\\\/05\\\/GRAND_VISIONS_512x512.png\",\"width\":512,\"height\":512,\"caption\":\"Fotografie und Videoproduktion in Berlin & Hamburg\"},\"image\":{\"@id\":\"https:\\\/\\\/grandvisions.de\\\/#\\\/schema\\\/logo\\\/image\\\/\"},\"sameAs\":[\"https:\\\/\\\/www.facebook.com\\\/GRAND.VISIONS.FOTOGRAFIE.BERLIN\",\"https:\\\/\\\/www.instagram.com\\\/grandvisions_com\",\"https:\\\/\\\/www.linkedin.com\\\/company\\\/grand-visions\\\/\"]}]}<\/script>\n<!-- \/ Yoast SEO plugin. -->","yoast_head_json":{"title":"Stornobedingungen - Fotografie und Videoproduktion in Berlin &amp; Hamburg","robots":{"index":"index","follow":"nofollow","max-snippet":"max-snippet:-1","max-image-preview":"max-image-preview:large","max-video-preview":"max-video-preview:-1"},"canonical":"https:\/\/grandvisions.de\/en\/stornobedingungen\/","og_locale":"en_US","og_type":"article","og_title":"Stornobedingungen - Fotografie und Videoproduktion in Berlin &amp; Hamburg","og_description":"STORNOBEDINGUNGEN Liebe:r Kunde\/-in, f\u00fcr uns ist die Planungssicherheit genauso wichtig wie f\u00fcr Dich. Nach unserer schriftlichen Auftragsbest\u00e4tigung bereiten wir uns inhaltlich und personell auf jeden bevorstehenden Auftrag individuell vor. Deswegen weisen wir Dich an dieser Stelle auf unsere Stornobedingungen hin und danken f\u00fcr Dein Verst\u00e4ndnis. Dein GRAND VISIONS Team Bei der Stornierung eines Auftrages gelten [&hellip;]","og_url":"https:\/\/grandvisions.de\/en\/stornobedingungen\/","og_site_name":"Fotografie und Videoproduktion in Berlin &amp; Hamburg","article_publisher":"https:\/\/www.facebook.com\/GRAND.VISIONS.FOTOGRAFIE.BERLIN","article_modified_time":"2025-07-02T10:33:58+00:00","twitter_card":"summary_large_image","twitter_misc":{"Est. reading time":"1 minute"},"schema":{"@context":"https:\/\/schema.org","@graph":[{"@type":"WebPage","@id":"https:\/\/grandvisions.de\/stornobedingungen\/","url":"https:\/\/grandvisions.de\/stornobedingungen\/","name":"Stornobedingungen - Fotografie und Videoproduktion in Berlin &amp; Hamburg","isPartOf":{"@id":"https:\/\/grandvisions.de\/#website"},"datePublished":"2023-05-19T12:27:03+00:00","dateModified":"2025-07-02T10:33:58+00:00","breadcrumb":{"@id":"https:\/\/grandvisions.de\/stornobedingungen\/#breadcrumb"},"inLanguage":"en-US","potentialAction":[{"@type":"ReadAction","target":["https:\/\/grandvisions.de\/stornobedingungen\/"]}]},{"@type":"BreadcrumbList","@id":"https:\/\/grandvisions.de\/stornobedingungen\/#breadcrumb","itemListElement":[{"@type":"ListItem","position":1,"name":"Home","item":"https:\/\/grandvisions.de\/"},{"@type":"ListItem","position":2,"name":"Stornobedingungen"}]},{"@type":"WebSite","@id":"https:\/\/grandvisions.de\/#website","url":"https:\/\/grandvisions.de\/","name":"Fotografie und Videoproduktion in Berlin & Hamburg","description":"Professionelle Foto- &amp; Videoproduktionen","publisher":{"@id":"https:\/\/grandvisions.de\/#organization"},"alternateName":"GRAND VISIONS","potentialAction":[{"@type":"SearchAction","target":{"@type":"EntryPoint","urlTemplate":"https:\/\/grandvisions.de\/?s={search_term_string}"},"query-input":{"@type":"PropertyValueSpecification","valueRequired":true,"valueName":"search_term_string"}}],"inLanguage":"en-US"},{"@type":"Organization","@id":"https:\/\/grandvisions.de\/#organization","name":"Fotografie und Videoproduktion in Berlin & Hamburg","alternateName":"GRAND VISIONS","url":"https:\/\/grandvisions.de\/","logo":{"@type":"ImageObject","inLanguage":"en-US","@id":"https:\/\/grandvisions.de\/#\/schema\/logo\/image\/","url":"https:\/\/grandvisions.de\/wp-content\/uploads\/2024\/05\/GRAND_VISIONS_512x512.png","contentUrl":"https:\/\/grandvisions.de\/wp-content\/uploads\/2024\/05\/GRAND_VISIONS_512x512.png","width":512,"height":512,"caption":"Fotografie und Videoproduktion in Berlin & Hamburg"},"image":{"@id":"https:\/\/grandvisions.de\/#\/schema\/logo\/image\/"},"sameAs":["https:\/\/www.facebook.com\/GRAND.VISIONS.FOTOGRAFIE.BERLIN","https:\/\/www.instagram.com\/grandvisions_com","https:\/\/www.linkedin.com\/company\/grand-visions\/"]}]}},"_links":{"self":[{"href":"https:\/\/grandvisions.de\/en\/wp-json\/wp\/v2\/pages\/16600","targetHints":{"allow":["GET"]}}],"collection":[{"href":"https:\/\/grandvisions.de\/en\/wp-json\/wp\/v2\/pages"}],"about":[{"href":"https:\/\/grandvisions.de\/en\/wp-json\/wp\/v2\/types\/page"}],"author":[{"embeddable":true,"href":"https:\/\/grandvisions.de\/en\/wp-json\/wp\/v2\/users\/8"}],"replies":[{"embeddable":true,"href":"https:\/\/grandvisions.de\/en\/wp-json\/wp\/v2\/comments?post=16600"}],"version-history":[{"count":10,"href":"https:\/\/grandvisions.de\/en\/wp-json\/wp\/v2\/pages\/16600\/revisions"}],"predecessor-version":[{"id":23129,"href":"https:\/\/grandvisions.de\/en\/wp-json\/wp\/v2\/pages\/16600\/revisions\/23129"}],"wp:attachment":[{"href":"https:\/\/grandvisions.de\/en\/wp-json\/wp\/v2\/media?parent=16600"}],"curies":[{"name":"wp","href":"https:\/\/api.w.org\/{rel}","templated":true}]}}