{"id":8480,"date":"2021-03-15T17:00:23","date_gmt":"2021-03-15T16:00:23","guid":{"rendered":"https:\/\/grandvisions.de\/?page_id=8480"},"modified":"2025-07-02T12:26:21","modified_gmt":"2025-07-02T10:26:21","slug":"videoschnitt","status":"publish","type":"page","link":"https:\/\/grandvisions.de\/en\/videoschnitt\/","title":{"rendered":"Video editing"},"content":{"rendered":"<div data-elementor-type=\"wp-page\" data-elementor-id=\"8480\" class=\"elementor elementor-8480\" data-elementor-post-type=\"page\">\n\t\t\t\t<div class=\"elementor-element elementor-element-425639f e-con-full e-flex e-con e-parent\" data-id=\"425639f\" data-element_type=\"container\" data-e-type=\"container\" id=\"Video-Produktionen\">\n\t\t<div class=\"elementor-element elementor-element-b5ad89c e-con-full e-flex e-con e-child\" data-id=\"b5ad89c\" data-element_type=\"container\" data-e-type=\"container\">\n\t\t\t\t<div class=\"elementor-element elementor-element-4885c68 elementor-widget elementor-widget-heading\" data-id=\"4885c68\" data-element_type=\"widget\" data-e-type=\"widget\" data-widget_type=\"heading.default\">\n\t\t\t\t<div class=\"elementor-widget-container\">\n\t\t\t\t\t<h1 class=\"elementor-heading-title elementor-size-default\">VIDEO EDITING<\/h1>\t\t\t\t<\/div>\n\t\t\t\t<\/div>\n\t\t\t\t<\/div>\n\t\t\t\t<\/div>\n\t\t<div class=\"elementor-element elementor-element-9e43c33 e-con-full e-flex e-con e-parent\" data-id=\"9e43c33\" data-element_type=\"container\" data-e-type=\"container\">\n\t\t<div class=\"elementor-element elementor-element-69c06723 e-con-full e-flex e-con e-child\" data-id=\"69c06723\" data-element_type=\"container\" data-e-type=\"container\" data-settings=\"{&quot;background_background&quot;:&quot;classic&quot;}\">\n\t\t\t\t<\/div>\n\t\t<div class=\"elementor-element elementor-element-193c7741 e-con-full e-flex e-con e-child\" data-id=\"193c7741\" data-element_type=\"container\" data-e-type=\"container\">\n\t\t\t\t<div class=\"elementor-element elementor-element-823010c elementor-widget elementor-widget-heading\" data-id=\"823010c\" data-element_type=\"widget\" data-e-type=\"widget\" data-widget_type=\"heading.default\">\n\t\t\t\t<div class=\"elementor-widget-container\">\n\t\t\t\t\t<h2 class=\"elementor-heading-title elementor-size-default\">We edit your video footage<\/h2>\t\t\t\t<\/div>\n\t\t\t\t<\/div>\n\t\t\t\t<div class=\"elementor-element elementor-element-bccdac9 elementor-widget elementor-widget-text-editor\" data-id=\"bccdac9\" data-element_type=\"widget\" data-e-type=\"widget\" data-widget_type=\"text-editor.default\">\n\t\t\t\t<div class=\"elementor-widget-container\">\n\t\t\t\t\t\t\t\t\t<p>As a videographer, you usually edit your recordings yourself. But if you are busy with too many projects, you can also outsource the video editing. Our professional video editors cut your video material according to your wishes.<\/p><p>We take care of everything: from selecting the best sequences, to color grading and sound adjustments, to the finished video editing including the integration of various graphics.<\/p><p>Are you still unsure what your finished video should look like? We would be happy to advise you.<\/p>\t\t\t\t\t\t\t\t<\/div>\n\t\t\t\t<\/div>\n\t\t\t\t<div class=\"elementor-element elementor-element-4e7c47b elementor-widget elementor-widget-button\" data-id=\"4e7c47b\" data-element_type=\"widget\" data-e-type=\"widget\" data-widget_type=\"button.default\">\n\t\t\t\t<div class=\"elementor-widget-container\">\n\t\t\t\t\t\t\t\t\t<div class=\"elementor-button-wrapper\">\n\t\t\t\t\t<a class=\"elementor-button elementor-button-link elementor-size-sm\" href=\"https:\/\/grandvisions.de\/en\/kontakt\/\">\n\t\t\t\t\t\t<span class=\"elementor-button-content-wrapper\">\n\t\t\t\t\t\t\t\t\t<span class=\"elementor-button-text\">VIDEO EDIT \u2013 REQUEST HERE!<\/span>\n\t\t\t\t\t<\/span>\n\t\t\t\t\t<\/a>\n\t\t\t\t<\/div>\n\t\t\t\t\t\t\t\t<\/div>\n\t\t\t\t<\/div>\n\t\t\t\t<\/div>\n\t\t\t\t<\/div>\n\t\t\t\t<section class=\"elementor-section elementor-top-section elementor-element elementor-element-491a0633 elementor-section-boxed elementor-section-height-default elementor-section-height-default\" data-id=\"491a0633\" data-element_type=\"section\" data-e-type=\"section\">\n\t\t\t\t\t\t<div class=\"elementor-container elementor-column-gap-default\">\n\t\t\t\t\t<div class=\"elementor-column elementor-col-100 elementor-top-column elementor-element elementor-element-4c739a7\" data-id=\"4c739a7\" data-element_type=\"column\" data-e-type=\"column\">\n\t\t\t<div class=\"elementor-widget-wrap elementor-element-populated\">\n\t\t\t\t\t\t<div class=\"elementor-element elementor-element-5832464 elementor-widget elementor-widget-spacer\" data-id=\"5832464\" data-element_type=\"widget\" data-e-type=\"widget\" data-widget_type=\"spacer.default\">\n\t\t\t\t<div class=\"elementor-widget-container\">\n\t\t\t\t\t\t\t<div class=\"elementor-spacer\">\n\t\t\t<div class=\"elementor-spacer-inner\"><\/div>\n\t\t<\/div>\n\t\t\t\t\t\t<\/div>\n\t\t\t\t<\/div>\n\t\t\t\t\t<\/div>\n\t\t<\/div>\n\t\t\t\t\t<\/div>\n\t\t<\/section>\n\t\t\t\t<\/div>","protected":false},"excerpt":{"rendered":"<p>VIDEOSCHNITT Wir schneiden Dein Videofootage \u00dcblicherweise schneidet man als Videograf seine Aufnahmen selbst. Ist man aber von zu vielen Projekten eingenommen, kann man den Videoschnitt auch auslagern. Unsere professionellen Video-Editoren schneiden Dein Video-Material nach Deinen W\u00fcnschen. Wir \u00fcbernehmen alles: von der Auswahl der besten Sequenzen, \u00fcber das Color Grading und die Ton-Anpassungen bis hin zum [&hellip;]<\/p>\n","protected":false},"author":8,"featured_media":8534,"parent":0,"menu_order":15,"comment_status":"closed","ping_status":"closed","template":"","meta":{"footnotes":""},"class_list":["post-8480","page","type-page","status-publish","has-post-thumbnail","hentry"],"yoast_head":"<!-- This site is optimized with the Yoast SEO plugin v27.4 - https:\/\/yoast.com\/product\/yoast-seo-wordpress\/ -->\n<title>Videoschnitt - Fotografie und Videoproduktion in Berlin &amp; Hamburg<\/title>\n<meta name=\"description\" content=\"Du hast Video-Footage, das zu einem harmonischen, unterhaltsamen Video geschnitten werden soll? Wir sind Dein Videoschnitt-Team aus Berlin.\" \/>\n<meta name=\"robots\" content=\"index, follow, max-snippet:-1, max-image-preview:large, max-video-preview:-1\" \/>\n<link rel=\"canonical\" href=\"https:\/\/grandvisions.de\/en\/videoschnitt\/\" \/>\n<meta property=\"og:locale\" content=\"en_US\" \/>\n<meta property=\"og:type\" content=\"article\" \/>\n<meta property=\"og:title\" content=\"Videoschnitt - Fotografie und Videoproduktion in Berlin &amp; Hamburg\" \/>\n<meta property=\"og:description\" content=\"Du hast Video-Footage, das zu einem harmonischen, unterhaltsamen Video geschnitten werden soll? Wir sind Dein Videoschnitt-Team aus Berlin.\" \/>\n<meta property=\"og:url\" content=\"https:\/\/grandvisions.de\/en\/videoschnitt\/\" \/>\n<meta property=\"og:site_name\" content=\"Fotografie und Videoproduktion in Berlin &amp; Hamburg\" \/>\n<meta property=\"article:publisher\" content=\"https:\/\/www.facebook.com\/GRAND.VISIONS.FOTOGRAFIE.BERLIN\" \/>\n<meta property=\"article:modified_time\" content=\"2025-07-02T10:26:21+00:00\" \/>\n<meta property=\"og:image\" content=\"https:\/\/grandvisions.de\/wp-content\/uploads\/2021\/04\/Videoschnitt_GRAND-VISIONS.jpg\" \/>\n\t<meta property=\"og:image:width\" content=\"1000\" \/>\n\t<meta property=\"og:image:height\" content=\"563\" \/>\n\t<meta property=\"og:image:type\" content=\"image\/jpeg\" \/>\n<meta name=\"twitter:card\" content=\"summary_large_image\" \/>\n<meta name=\"twitter:label1\" content=\"Est. reading time\" \/>\n\t<meta name=\"twitter:data1\" content=\"2 minutes\" \/>\n<script type=\"application\/ld+json\" class=\"yoast-schema-graph\">{\"@context\":\"https:\\\/\\\/schema.org\",\"@graph\":[{\"@type\":\"WebPage\",\"@id\":\"https:\\\/\\\/grandvisions.de\\\/videoschnitt\\\/\",\"url\":\"https:\\\/\\\/grandvisions.de\\\/videoschnitt\\\/\",\"name\":\"Videoschnitt - Fotografie und Videoproduktion in Berlin &amp; Hamburg\",\"isPartOf\":{\"@id\":\"https:\\\/\\\/grandvisions.de\\\/#website\"},\"primaryImageOfPage\":{\"@id\":\"https:\\\/\\\/grandvisions.de\\\/videoschnitt\\\/#primaryimage\"},\"image\":{\"@id\":\"https:\\\/\\\/grandvisions.de\\\/videoschnitt\\\/#primaryimage\"},\"thumbnailUrl\":\"https:\\\/\\\/grandvisions.de\\\/wp-content\\\/uploads\\\/2021\\\/04\\\/Videoschnitt_GRAND-VISIONS.jpg\",\"datePublished\":\"2021-03-15T16:00:23+00:00\",\"dateModified\":\"2025-07-02T10:26:21+00:00\",\"description\":\"Du hast Video-Footage, das zu einem harmonischen, unterhaltsamen Video geschnitten werden soll? Wir sind Dein Videoschnitt-Team aus Berlin.\",\"breadcrumb\":{\"@id\":\"https:\\\/\\\/grandvisions.de\\\/videoschnitt\\\/#breadcrumb\"},\"inLanguage\":\"en-US\",\"potentialAction\":[{\"@type\":\"ReadAction\",\"target\":[\"https:\\\/\\\/grandvisions.de\\\/videoschnitt\\\/\"]}]},{\"@type\":\"ImageObject\",\"inLanguage\":\"en-US\",\"@id\":\"https:\\\/\\\/grandvisions.de\\\/videoschnitt\\\/#primaryimage\",\"url\":\"https:\\\/\\\/grandvisions.de\\\/wp-content\\\/uploads\\\/2021\\\/04\\\/Videoschnitt_GRAND-VISIONS.jpg\",\"contentUrl\":\"https:\\\/\\\/grandvisions.de\\\/wp-content\\\/uploads\\\/2021\\\/04\\\/Videoschnitt_GRAND-VISIONS.jpg\",\"width\":1000,\"height\":563,\"caption\":\"Videoschnitt_GRAND-VISIONS\"},{\"@type\":\"BreadcrumbList\",\"@id\":\"https:\\\/\\\/grandvisions.de\\\/videoschnitt\\\/#breadcrumb\",\"itemListElement\":[{\"@type\":\"ListItem\",\"position\":1,\"name\":\"Home\",\"item\":\"https:\\\/\\\/grandvisions.de\\\/\"},{\"@type\":\"ListItem\",\"position\":2,\"name\":\"Videoschnitt\"}]},{\"@type\":\"WebSite\",\"@id\":\"https:\\\/\\\/grandvisions.de\\\/#website\",\"url\":\"https:\\\/\\\/grandvisions.de\\\/\",\"name\":\"Fotografie und Videoproduktion in Berlin & Hamburg\",\"description\":\"Professionelle Foto- &amp; Videoproduktionen\",\"publisher\":{\"@id\":\"https:\\\/\\\/grandvisions.de\\\/#organization\"},\"alternateName\":\"GRAND VISIONS\",\"potentialAction\":[{\"@type\":\"SearchAction\",\"target\":{\"@type\":\"EntryPoint\",\"urlTemplate\":\"https:\\\/\\\/grandvisions.de\\\/?s={search_term_string}\"},\"query-input\":{\"@type\":\"PropertyValueSpecification\",\"valueRequired\":true,\"valueName\":\"search_term_string\"}}],\"inLanguage\":\"en-US\"},{\"@type\":\"Organization\",\"@id\":\"https:\\\/\\\/grandvisions.de\\\/#organization\",\"name\":\"Fotografie und Videoproduktion in Berlin & Hamburg\",\"alternateName\":\"GRAND VISIONS\",\"url\":\"https:\\\/\\\/grandvisions.de\\\/\",\"logo\":{\"@type\":\"ImageObject\",\"inLanguage\":\"en-US\",\"@id\":\"https:\\\/\\\/grandvisions.de\\\/#\\\/schema\\\/logo\\\/image\\\/\",\"url\":\"https:\\\/\\\/grandvisions.de\\\/wp-content\\\/uploads\\\/2024\\\/05\\\/GRAND_VISIONS_512x512.png\",\"contentUrl\":\"https:\\\/\\\/grandvisions.de\\\/wp-content\\\/uploads\\\/2024\\\/05\\\/GRAND_VISIONS_512x512.png\",\"width\":512,\"height\":512,\"caption\":\"Fotografie und Videoproduktion in Berlin & Hamburg\"},\"image\":{\"@id\":\"https:\\\/\\\/grandvisions.de\\\/#\\\/schema\\\/logo\\\/image\\\/\"},\"sameAs\":[\"https:\\\/\\\/www.facebook.com\\\/GRAND.VISIONS.FOTOGRAFIE.BERLIN\",\"https:\\\/\\\/www.instagram.com\\\/grandvisions_com\",\"https:\\\/\\\/www.linkedin.com\\\/company\\\/grand-visions\\\/\"]}]}<\/script>\n<!-- \/ Yoast SEO plugin. -->","yoast_head_json":{"title":"Videoschnitt - Fotografie und Videoproduktion in Berlin &amp; Hamburg","description":"Du hast Video-Footage, das zu einem harmonischen, unterhaltsamen Video geschnitten werden soll? Wir sind Dein Videoschnitt-Team aus Berlin.","robots":{"index":"index","follow":"follow","max-snippet":"max-snippet:-1","max-image-preview":"max-image-preview:large","max-video-preview":"max-video-preview:-1"},"canonical":"https:\/\/grandvisions.de\/en\/videoschnitt\/","og_locale":"en_US","og_type":"article","og_title":"Videoschnitt - Fotografie und Videoproduktion in Berlin &amp; Hamburg","og_description":"Du hast Video-Footage, das zu einem harmonischen, unterhaltsamen Video geschnitten werden soll? Wir sind Dein Videoschnitt-Team aus Berlin.","og_url":"https:\/\/grandvisions.de\/en\/videoschnitt\/","og_site_name":"Fotografie und Videoproduktion in Berlin &amp; Hamburg","article_publisher":"https:\/\/www.facebook.com\/GRAND.VISIONS.FOTOGRAFIE.BERLIN","article_modified_time":"2025-07-02T10:26:21+00:00","og_image":[{"width":1000,"height":563,"url":"https:\/\/grandvisions.de\/wp-content\/uploads\/2021\/04\/Videoschnitt_GRAND-VISIONS.jpg","type":"image\/jpeg"}],"twitter_card":"summary_large_image","twitter_misc":{"Est. reading time":"2 minutes"},"schema":{"@context":"https:\/\/schema.org","@graph":[{"@type":"WebPage","@id":"https:\/\/grandvisions.de\/videoschnitt\/","url":"https:\/\/grandvisions.de\/videoschnitt\/","name":"Videoschnitt - Fotografie und Videoproduktion in Berlin &amp; Hamburg","isPartOf":{"@id":"https:\/\/grandvisions.de\/#website"},"primaryImageOfPage":{"@id":"https:\/\/grandvisions.de\/videoschnitt\/#primaryimage"},"image":{"@id":"https:\/\/grandvisions.de\/videoschnitt\/#primaryimage"},"thumbnailUrl":"https:\/\/grandvisions.de\/wp-content\/uploads\/2021\/04\/Videoschnitt_GRAND-VISIONS.jpg","datePublished":"2021-03-15T16:00:23+00:00","dateModified":"2025-07-02T10:26:21+00:00","description":"Du hast Video-Footage, das zu einem harmonischen, unterhaltsamen Video geschnitten werden soll? Wir sind Dein Videoschnitt-Team aus Berlin.","breadcrumb":{"@id":"https:\/\/grandvisions.de\/videoschnitt\/#breadcrumb"},"inLanguage":"en-US","potentialAction":[{"@type":"ReadAction","target":["https:\/\/grandvisions.de\/videoschnitt\/"]}]},{"@type":"ImageObject","inLanguage":"en-US","@id":"https:\/\/grandvisions.de\/videoschnitt\/#primaryimage","url":"https:\/\/grandvisions.de\/wp-content\/uploads\/2021\/04\/Videoschnitt_GRAND-VISIONS.jpg","contentUrl":"https:\/\/grandvisions.de\/wp-content\/uploads\/2021\/04\/Videoschnitt_GRAND-VISIONS.jpg","width":1000,"height":563,"caption":"Videoschnitt_GRAND-VISIONS"},{"@type":"BreadcrumbList","@id":"https:\/\/grandvisions.de\/videoschnitt\/#breadcrumb","itemListElement":[{"@type":"ListItem","position":1,"name":"Home","item":"https:\/\/grandvisions.de\/"},{"@type":"ListItem","position":2,"name":"Videoschnitt"}]},{"@type":"WebSite","@id":"https:\/\/grandvisions.de\/#website","url":"https:\/\/grandvisions.de\/","name":"Fotografie und Videoproduktion in Berlin & Hamburg","description":"Professionelle Foto- &amp; Videoproduktionen","publisher":{"@id":"https:\/\/grandvisions.de\/#organization"},"alternateName":"GRAND VISIONS","potentialAction":[{"@type":"SearchAction","target":{"@type":"EntryPoint","urlTemplate":"https:\/\/grandvisions.de\/?s={search_term_string}"},"query-input":{"@type":"PropertyValueSpecification","valueRequired":true,"valueName":"search_term_string"}}],"inLanguage":"en-US"},{"@type":"Organization","@id":"https:\/\/grandvisions.de\/#organization","name":"Fotografie und Videoproduktion in Berlin & Hamburg","alternateName":"GRAND VISIONS","url":"https:\/\/grandvisions.de\/","logo":{"@type":"ImageObject","inLanguage":"en-US","@id":"https:\/\/grandvisions.de\/#\/schema\/logo\/image\/","url":"https:\/\/grandvisions.de\/wp-content\/uploads\/2024\/05\/GRAND_VISIONS_512x512.png","contentUrl":"https:\/\/grandvisions.de\/wp-content\/uploads\/2024\/05\/GRAND_VISIONS_512x512.png","width":512,"height":512,"caption":"Fotografie und Videoproduktion in Berlin & Hamburg"},"image":{"@id":"https:\/\/grandvisions.de\/#\/schema\/logo\/image\/"},"sameAs":["https:\/\/www.facebook.com\/GRAND.VISIONS.FOTOGRAFIE.BERLIN","https:\/\/www.instagram.com\/grandvisions_com","https:\/\/www.linkedin.com\/company\/grand-visions\/"]}]}},"_links":{"self":[{"href":"https:\/\/grandvisions.de\/en\/wp-json\/wp\/v2\/pages\/8480","targetHints":{"allow":["GET"]}}],"collection":[{"href":"https:\/\/grandvisions.de\/en\/wp-json\/wp\/v2\/pages"}],"about":[{"href":"https:\/\/grandvisions.de\/en\/wp-json\/wp\/v2\/types\/page"}],"author":[{"embeddable":true,"href":"https:\/\/grandvisions.de\/en\/wp-json\/wp\/v2\/users\/8"}],"replies":[{"embeddable":true,"href":"https:\/\/grandvisions.de\/en\/wp-json\/wp\/v2\/comments?post=8480"}],"version-history":[{"count":10,"href":"https:\/\/grandvisions.de\/en\/wp-json\/wp\/v2\/pages\/8480\/revisions"}],"predecessor-version":[{"id":23117,"href":"https:\/\/grandvisions.de\/en\/wp-json\/wp\/v2\/pages\/8480\/revisions\/23117"}],"wp:featuredmedia":[{"embeddable":true,"href":"https:\/\/grandvisions.de\/en\/wp-json\/wp\/v2\/media\/8534"}],"wp:attachment":[{"href":"https:\/\/grandvisions.de\/en\/wp-json\/wp\/v2\/media?parent=8480"}],"curies":[{"name":"wp","href":"https:\/\/api.w.org\/{rel}","templated":true}]}}